{"id":882,"date":"2018-05-10T13:24:30","date_gmt":"2018-05-10T13:24:30","guid":{"rendered":"https:\/\/mgmtedizioni.com\/?post_type=product&#038;p=882"},"modified":"2021-03-25T11:40:22","modified_gmt":"2021-03-25T11:40:22","slug":"il-vicolo-cieco","status":"publish","type":"product","link":"https:\/\/mgmtedizioni.com\/shop\/libri\/il-vicolo-cieco\/","title":{"rendered":"Il vicolo cieco"},"content":{"rendered":"<p>Un lavoro, un progetto, una relazione: tutto, all\u2019inizio, costituisce un\u2019esperienza eccitante. Poi subentrano i primi ostacoli e, infine, arriva la fase pi\u00f9 difficile. Quella in cui non vi divertite pi\u00f9 e dovete solo stringere i denti. A quel punto vi domandate se ne vale davvero la pena. Forse siete entrati nel \u201cfossato\u201d: una crisi temporanea che potete superare con uno sforzo in pi\u00f9. Oppure si tratta di un vicolo cieco, una situazione che non potr\u00e0 mai migliorare, neppure con il massimo impegno.<\/p>\n<p>Secondo Seth Godin, ci\u00f2 che caratterizza i migliori \u00e8 la capacit\u00e0 di reagire nel modo giusto: cio\u00e8 mollare subito, senza sensi di colpa, i vicoli ciechi e impegnare le proprie risorse per conquistare l\u2019altra sponda del fossato. I vincenti sanno che i fossati pi\u00f9 larghi e difficili riservano il premio migliore e che diventando leader di una nicchia conseguiranno profitti, gloria e sicurezza per il futuro.<\/p>\n<p>Questo piccolo libro vi aiuta a capire se vi trovate in un fossato e vi incoraggia a superarlo perch\u00e9 vi ripagher\u00e0 delle vostre fatiche. Se invece siete in un vicolo cieco, vi aiuta a trovare il coraggio di mollare, perch\u00e9 possiate essere vincenti in un\u2019altra iniziativa.<\/p>\n","protected":false},"excerpt":{"rendered":"<div id=\"le_body_row_6_col_1_el_1\" class=\"element-container cf\" data-style=\"\">\n<div class=\"element\">\n<h3>Seth Godin<\/h3>\n<\/div>\n<\/div>\n<div id=\"le_body_row_6_col_1_el_3\" class=\"element-container cf\" data-style=\"\">\n<div class=\"element\">\n<h3>Il piccolo libro che vi insegna a comprendere se insistere o rinunciare<\/h3>\n<\/div>\n<\/div>\n","protected":false},"featured_media":1195,"comment_status":"closed","ping_status":"closed","template":"","meta":[],"_links":{"self":[{"href":"https:\/\/mgmtedizioni.com\/shop\/wp-json\/wp\/v2\/product\/882"}],"collection":[{"href":"https:\/\/mgmtedizioni.com\/shop\/wp-json\/wp\/v2\/product"}],"about":[{"href":"https:\/\/mgmtedizioni.com\/shop\/wp-json\/wp\/v2\/types\/product"}],"replies":[{"embeddable":true,"href":"https:\/\/mgmtedizioni.com\/shop\/wp-json\/wp\/v2\/comments?post=882"}],"wp:featuredmedia":[{"embeddable":true,"href":"https:\/\/mgmtedizioni.com\/shop\/wp-json\/wp\/v2\/media\/1195"}],"wp:attachment":[{"href":"https:\/\/mgmtedizioni.com\/shop\/wp-json\/wp\/v2\/media?parent=882"}],"curies":[{"name":"wp","href":"https:\/\/api.w.org\/{rel}","templated":true}]}}