{"id":1632,"date":"2021-03-25T10:20:08","date_gmt":"2021-03-25T10:20:08","guid":{"rendered":"https:\/\/mgmtedizioni.com\/shop\/?post_type=product&#038;p=1632"},"modified":"2023-05-22T15:32:53","modified_gmt":"2023-05-22T15:32:53","slug":"moby-oltre-ogni-limite","status":"publish","type":"product","link":"https:\/\/mgmtedizioni.com\/shop\/libri\/moby-oltre-ogni-limite\/","title":{"rendered":"MOBY: Oltre ogni limite"},"content":{"rendered":"<p>Cosa succede quando, dopo aver raggiunto i propri obiettivi pi\u00f9 ambiziosi, ci si rende conto che il vuoto che il successo avrebbe dovuto colmare \u00e8 diventato una voragine ancora pi\u00f9 profonda? Cosa si pu\u00f2 fare quando tutto sembra ormai perduto? Questa straordinaria autobiografia di Moby \u00e8 un viaggio nel cuore oscuro della fama e dei demoni che si annidano proprio sotto i bagliori e lo sfarzo dello stile di vita di una celebrit\u00e0.<\/p>\n<p>Nell\u2019estate del 1999, Moby pubblic\u00f2 l\u2019album di riferimento del millennio \u2013 PLAY. Come tutti gli album che segnano una generazione, PLAY divenne onnipresente e Moby fu catapultato nel regno delle superstar. Improvvisamente si ritrov\u00f2 a frequentare David Bowie e Lou Reed, Christina Ricci e Madonna, a farsi di ecstasy a colazione (quasi tutte le mattine), a bere litri di vodka (tutti i giorni) e ad andare a letto con fantastiche super modelle (di rado). Era una dieta che non poteva durare e, infatti, non dur\u00f2.<\/p>\n<p>Moby ha avuto l\u2019intero mondo come scenario: gli Stati Uniti, con New York in primo piano durante il periodo del successo, e il Connecticut a fare da sfondo negli anni duri dell\u2019infanzia e dell\u2019adolescenza. Ma anche Parigi, Londra, Barcellona, San Pietroburgo, in una storia che finisce in qualche modo per coinvolgere anche Donald Trump, Hillary Clinton e Vladimir Putin.<\/p>\n<p>\u00c8 il racconto di una vita vissuta al limite, tra momenti bui, episodi esilaranti e tanti incontri con i personaggi che hanno fatto la storia della musica. \u00c8 un classico sulla banalit\u00e0 della fama. \u00c8 scioccante, divertente, estremo e indimenticabile. Non \u00e8 edificante, ma per il lettore non sar\u00e0 facile distogliere lo sguardo dalle sue pagine!<\/p>\n","protected":false},"excerpt":{"rendered":"<div id=\"le_body_row_6_col_1_el_1\" class=\"element-container cf\" data-style=\"\">\n<div class=\"element\">\n<h3>Autobiografia<\/h3>\n<\/div>\n<\/div>\n","protected":false},"featured_media":1634,"comment_status":"closed","ping_status":"closed","template":"","meta":[],"_links":{"self":[{"href":"https:\/\/mgmtedizioni.com\/shop\/wp-json\/wp\/v2\/product\/1632"}],"collection":[{"href":"https:\/\/mgmtedizioni.com\/shop\/wp-json\/wp\/v2\/product"}],"about":[{"href":"https:\/\/mgmtedizioni.com\/shop\/wp-json\/wp\/v2\/types\/product"}],"replies":[{"embeddable":true,"href":"https:\/\/mgmtedizioni.com\/shop\/wp-json\/wp\/v2\/comments?post=1632"}],"wp:featuredmedia":[{"embeddable":true,"href":"https:\/\/mgmtedizioni.com\/shop\/wp-json\/wp\/v2\/media\/1634"}],"wp:attachment":[{"href":"https:\/\/mgmtedizioni.com\/shop\/wp-json\/wp\/v2\/media?parent=1632"}],"curies":[{"name":"wp","href":"https:\/\/api.w.org\/{rel}","templated":true}]}}