{"id":1435,"date":"2020-10-15T17:00:20","date_gmt":"2020-10-15T17:00:20","guid":{"rendered":"https:\/\/mgmtedizioni.com\/shop\/?post_type=product&#038;p=1435"},"modified":"2023-05-22T15:33:54","modified_gmt":"2023-05-22T15:33:54","slug":"il-segreto-della-felicita","status":"publish","type":"product","link":"https:\/\/mgmtedizioni.com\/shop\/libri\/il-segreto-della-felicita\/","title":{"rendered":"Il segreto della felicit\u00e0: Svelato dalle persone pi\u00f9 felici al mondo"},"content":{"rendered":"<p>In tutto il mondo, indipendentemente dal luogo in cui vivono, dal Dio in cui credono o da quanto sono ricche, ci sono persone \u2013 circa il tre per cento della popolazione mondiale \u2013 che dichiarano di essere felici. Cosa hanno di diverso dagli altri? Cosa le distingue? E cosa possiamo fare noi per essere felici come loro?<\/p>\n<p>Meik Wiking comprende la felicit\u00e0 meglio di chiunque altro. Nel suo ruolo di fondatore e CEO dell\u2019Happiness Research Institute di Copenaghen, ha viaggiato in lungo e in largo studiando le persone pi\u00f9 felici del mondo per scoprire le componenti chiave della gioia di vivere. Ne Il segreto della felicit\u00e0 ci svela cosa ha scoperto.<\/p>\n<p>Con il calore e l\u2019arguzia che lo contraddistinguono, Meik ci mostra che rapporto intercorre fra denaro e felicit\u00e0, come si pu\u00f2 essere pi\u00f9 sani senza dover andare in palestra, come possiamo aiutare noi stessi aiutando gli altri e perch\u00e9 le nostre aspettative spesso sono eccessive rispetto alla realt\u00e0.<\/p>\n<p>Tessendo insieme ricerche originali e aneddoti personali, questo libro ci indica la strada che porta alla gioia di vivere attraverso un approccio personale che vede nella felicit\u00e0 un modo per migliorare non solo la nostra vita, ma anche la nostra comunit\u00e0 e l\u2019intero pianeta.<\/p>\n<p>Nella sua lunga serie di viaggi \u2013 durante i quali ha visitato il Bhutan e l\u2019Australia, la Corea del Sud e il Canada, la Francia e la Danimarca \u2013 l\u2019autore ha raccolto numerosi casi di studio che calano il lettore in una caccia al tesoro il cui fantastico premio \u00e8 la felicit\u00e0. Egli riporta dagli angoli pi\u00f9 felici del pianeta interessanti storie, affascinanti esempi e utili consigli, fornendoci la guida definitiva su come far entrare pi\u00f9 gioia nella nostra vita.<\/p>\n","protected":false},"excerpt":{"rendered":"<div id=\"le_body_row_6_col_1_el_1\" class=\"element-container cf\" data-style=\"\">\n<div class=\"element\">\n<h3>La Guida Pratica per raggiungere le Felicit\u00e0 nella Vita e nel Lavoro<\/h3>\n<h3>Meik Wiking<\/h3>\n<\/div>\n<\/div>\n","protected":false},"featured_media":1436,"comment_status":"closed","ping_status":"closed","template":"","meta":[],"_links":{"self":[{"href":"https:\/\/mgmtedizioni.com\/shop\/wp-json\/wp\/v2\/product\/1435"}],"collection":[{"href":"https:\/\/mgmtedizioni.com\/shop\/wp-json\/wp\/v2\/product"}],"about":[{"href":"https:\/\/mgmtedizioni.com\/shop\/wp-json\/wp\/v2\/types\/product"}],"replies":[{"embeddable":true,"href":"https:\/\/mgmtedizioni.com\/shop\/wp-json\/wp\/v2\/comments?post=1435"}],"wp:featuredmedia":[{"embeddable":true,"href":"https:\/\/mgmtedizioni.com\/shop\/wp-json\/wp\/v2\/media\/1436"}],"wp:attachment":[{"href":"https:\/\/mgmtedizioni.com\/shop\/wp-json\/wp\/v2\/media?parent=1435"}],"curies":[{"name":"wp","href":"https:\/\/api.w.org\/{rel}","templated":true}]}}