{"id":1141,"date":"2020-06-04T16:33:33","date_gmt":"2020-06-04T16:33:33","guid":{"rendered":"https:\/\/mgmtedizioni.com\/shop\/?post_type=product&#038;p=1141"},"modified":"2022-02-06T20:57:15","modified_gmt":"2022-02-06T20:57:15","slug":"il-minimalismo-nel-business","status":"publish","type":"product","link":"https:\/\/mgmtedizioni.com\/shop\/libri\/il-minimalismo-nel-business\/","title":{"rendered":"Il minimalismo nel business"},"content":{"rendered":"<p>E se la chiave per una carriera pi\u00f9 soddisfacente e appagante non fosse fondare un\u2019impresa con lo scopo di farla crescere a dismisura, bens\u00ec lavorare per se stessi, decidere i propri orari lavorativi e realizzare un business a misura d\u2019uomo, pi\u00f9 sostenibile (e altamente redditizio)? E se la soluzione migliore &#8211; e pi\u00f9 scaltra &#8211; fosse quella di restare piccoli? Questo libro spiega esattamente come riuscirci.<\/p>\n<p>Il minimalismo nel business \u00e8 un approccio nuovo e stimolante, basato sull\u2019idea di rimanere piccoli e mettere in discussione la crescita a tutti i livelli imprenditoriali. Non come libero professionista, pagato a progetto, n\u00e9 come startup che ha in previsione di espandersi il pi\u00f9 in fretta possibile, bens\u00ec come piccola azienda che si impegna deliberatamente a fare di meglio anzich\u00e9 di pi\u00f9. L\u2019autore spiega come restare piccoli possa assicurare la libert\u00e0 di dedicarsi a ci\u00f2 che davvero conta nella vita, evitando i mal di testa causati dallo stress inevitabilmente associato alla ricerca di una crescita senza fine. Questo libro introduce il rivoluzionario approccio minimalista al lavoro e spiega come farlo funzionare in maniera efficace, in modo da generare un reddito duraturo nel tempo.<\/p>\n<p>Paul Jarvis abbandon\u00f2 il convenzionale mondo degli affari quando si rese conto che dedicare il proprio tempo a un lavoro stressante in una grande azienda di prestigio non corrispondeva alla sua idea di successo. Oggigiorno, al contrario, lavora autonomamente in un ambiente molto pi\u00f9 gratificante e produttivo. Ha scoperto l\u2019incommensurabile vantaggio di abbandonare l\u2019obsoleta mentalit\u00e0 aziendale, che richiede incessantemente pi\u00f9 produttivit\u00e0, pi\u00f9 risultati e una crescita ossessiva.<\/p>\n","protected":false},"excerpt":{"rendered":"<div id=\"le_body_row_6_col_1_el_1\" class=\"element-container cf\" data-style=\"\">\n<div class=\"element\">\n<h3>Paul Jarvis<\/h3>\n<\/div>\n<\/div>\n<div id=\"le_body_row_6_col_1_el_3\" class=\"element-container cf\" data-style=\"\">\n<div class=\"element\">\n<h3 id=\"title\" class=\"a-size-large a-spacing-none\"><span id=\"productTitle\" class=\"a-size-large\">Come ottenere pi\u00f9 Profitti, Felicit\u00e0 e Libert\u00e0<\/span><\/h3>\n<\/div>\n<p>&nbsp;<\/p>\n<\/div>\n","protected":false},"featured_media":1193,"comment_status":"closed","ping_status":"closed","template":"","meta":[],"_links":{"self":[{"href":"https:\/\/mgmtedizioni.com\/shop\/wp-json\/wp\/v2\/product\/1141"}],"collection":[{"href":"https:\/\/mgmtedizioni.com\/shop\/wp-json\/wp\/v2\/product"}],"about":[{"href":"https:\/\/mgmtedizioni.com\/shop\/wp-json\/wp\/v2\/types\/product"}],"replies":[{"embeddable":true,"href":"https:\/\/mgmtedizioni.com\/shop\/wp-json\/wp\/v2\/comments?post=1141"}],"wp:featuredmedia":[{"embeddable":true,"href":"https:\/\/mgmtedizioni.com\/shop\/wp-json\/wp\/v2\/media\/1193"}],"wp:attachment":[{"href":"https:\/\/mgmtedizioni.com\/shop\/wp-json\/wp\/v2\/media?parent=1141"}],"curies":[{"name":"wp","href":"https:\/\/api.w.org\/{rel}","templated":true}]}}