{"id":1138,"date":"2020-06-04T16:20:43","date_gmt":"2020-06-04T16:20:43","guid":{"rendered":"https:\/\/mgmtedizioni.com\/shop\/?post_type=product&#038;p=1138"},"modified":"2021-03-25T11:35:14","modified_gmt":"2021-03-25T11:35:14","slug":"limportanza-di-osare","status":"publish","type":"product","link":"https:\/\/mgmtedizioni.com\/shop\/libri\/limportanza-di-osare\/","title":{"rendered":"L&#8217;importanza di osare"},"content":{"rendered":"<p>Quando Jean Case ha iniziato a indagare sulle qualit\u00e0 distintive dei grandi changemakers, ha scoperto cinque caratteristiche sorprendenti che tutti avevano in comune. Non si trattava della ricchezza, di certi privilegi e neppure della genialit\u00e0. Tutti questi uomini e queste donne eccezionali avevano scelto di piazzare una grande scommessa, correre rischi con audacia, apprendere dai propri fallimenti, spingersi al di l\u00e0 della \u201cbolla\u201d in cui vivevano e lasciare che il senso di urgenza prevalesse sulla paura.<\/p>\n<p>In tutto il corso del libro, Jean illustra in toni vividi questi principi mediante la narrazione di storie \u2013 dalle esperienze trasformative che ha vissuto in prima persona, alle rivoluzionarie scoperte di Jane Goodall nell\u2019ambito della comprensione e della protezione degli scimpanz\u00e9; dalla decisione del noto chef Jos\u00e9 Andr\u00e9s di portare la sua cucina nelle zone colpite da devastanti uragani per nutrire gli affamati, agli ambiziosi sforzi compiuti da Bryan Stevenson per porre fine alle detenzioni ingiuste e altro ancora. L\u2019autrice apporta nuovi spunti a storie che potreste pensare di conoscere gi\u00e0 \u2014 come il percorso seguito da Airbnb per arrivare a trasformare il settore dell\u2019ospitalit\u00e0 partendo da zero, o lo storico moonshot di John F. Kennedy \u2014 e condivide perle tratte da promotori del cambiamento di cui non avete mai sentito parlare.<\/p>\n<p>Intrecciando storytelling, consigli pratici e pura ispirazione, L\u2019importanza di osare vi insegner\u00e0 come mettere in atto i cinque principi che accomunano le persone e le imprese di successo, in modo che anche voi possiate innescare quei tipi di svolte straordinarie che cambiano il mondo.<\/p>\n","protected":false},"excerpt":{"rendered":"<div id=\"le_body_row_6_col_1_el_1\" class=\"element-container cf\" data-style=\"\">\n<div class=\"element\">\n<h3>Jean Case<\/h3>\n<\/div>\n<\/div>\n<div id=\"le_body_row_6_col_1_el_3\" class=\"element-container cf\" data-style=\"\">\n<div class=\"element\">\n<h3 id=\"title\" class=\"a-size-large a-spacing-none\"><span id=\"productTitle\" class=\"a-size-large\">Cinque principi per realizzare pienamente il proprio potenziale nella vita e nel lavoro<\/span><\/h3>\n<\/div>\n<p>&nbsp;<\/p>\n<\/div>\n","protected":false},"featured_media":1192,"comment_status":"closed","ping_status":"closed","template":"","meta":[],"_links":{"self":[{"href":"https:\/\/mgmtedizioni.com\/shop\/wp-json\/wp\/v2\/product\/1138"}],"collection":[{"href":"https:\/\/mgmtedizioni.com\/shop\/wp-json\/wp\/v2\/product"}],"about":[{"href":"https:\/\/mgmtedizioni.com\/shop\/wp-json\/wp\/v2\/types\/product"}],"replies":[{"embeddable":true,"href":"https:\/\/mgmtedizioni.com\/shop\/wp-json\/wp\/v2\/comments?post=1138"}],"wp:featuredmedia":[{"embeddable":true,"href":"https:\/\/mgmtedizioni.com\/shop\/wp-json\/wp\/v2\/media\/1192"}],"wp:attachment":[{"href":"https:\/\/mgmtedizioni.com\/shop\/wp-json\/wp\/v2\/media?parent=1138"}],"curies":[{"name":"wp","href":"https:\/\/api.w.org\/{rel}","templated":true}]}}