{"id":959,"date":"2019-05-24T13:25:09","date_gmt":"2019-05-24T13:25:09","guid":{"rendered":"https:\/\/mgmtedizioni.com\/shop\/?page_id=959"},"modified":"2019-06-27T09:29:00","modified_gmt":"2019-06-27T09:29:00","slug":"privacy-e-cookies","status":"publish","type":"page","link":"https:\/\/mgmtedizioni.com\/shop\/privacy-e-cookies\/","title":{"rendered":"Privacy e Cookies"},"content":{"rendered":"<p>[vc_row][vc_column][vc_column_text]<\/p>\r\n<h2><strong>Gestione della PRIVACY<\/strong><\/h2>\r\n<!-- \/wp:paragraph -->\r\n<p><!-- wp:paragraph -->Ai sensi dell&#8217;articolo 13D.Lgs. 30 giugno 2003, n.196, (recante il &#8220;Codice in materia di trattamento dei dati personali&#8221;) si informa che il trattamento dei dati personali, anche sensibili, \u00e8 svolto ai fini dell&#8217;invio di materiale informativo concernente i prodotti e i servizi forniti compresi gli adempimenti contabili e fiscali, nonch\u00e9 al fine di informare, promuovere e pubblicizzare, anche a mezzo della posta elettronica, prodotti e servizi.<\/p>\r\n<!-- \/wp:paragraph -->\r\n<p><!-- wp:paragraph -->Il trattamento avverr\u00e0 presso la societ\u00e0\u00a0<strong>&#8220;Edizioni Crisalide&#8221;<\/strong> con l&#8217;utilizzo di procedure anche informatizzate, nei modi e nei limiti necessari a perseguire le predette finalit\u00e0. I dati potranno essere comunicati a terzi, nonch\u00e9 a soggetto incaricato dell&#8217;invio delle comunicazioni anche per via telematica.<\/p>\r\n<!-- \/wp:paragraph -->\r\n<p><!-- wp:paragraph -->I dati personali possono essere conosciuti dai dipendenti e collaboratori del titolare del trattamento nella loro qualit\u00e0 di responsabili o incaricati del trattamento.<\/p>\r\n<!-- \/wp:paragraph -->\r\n<p><!-- wp:paragraph -->Il conferimento di tali dati \u00e8 facoltativo, ma la loro mancata indicazione non ci consentir\u00e0 di tenere aggiornati sulle iniziative del titolare del trattamento.<\/p>\r\n<!-- \/wp:paragraph -->\r\n<p><!-- wp:paragraph -->Agli interessati sono riconosciuti i diritti di cui all&#8217;articolo 7 del citato Codice della Privacy, e, in particolare, il diritto di accedere ai propri dati personali, di richiedere la rettifica, l&#8217;aggiornamento e la cancellazione, se incompleti, erronei o raccolti in violazione della legge, nonch\u00e9 di opporsi al loro trattamento per motivi legittimi, rivolgendo le richieste al Titolare del trattamento.<\/p>\r\n<div class=\"wpb_text_column wpb_content_element \">\r\n<div class=\"wpb_wrapper\">\r\n<p>Nella presente pagina si descrivono le modalit\u00e0 di gestione del sito\u00a0<strong>www.mgmtedizioni.com\/shop <\/strong>in riferimento al trattamento dei dati personali degli utenti che lo consultano.<\/p>\r\n<p>Durante il 2017 e il 2018, abbiamo lavorato costantemente per aggiornare i nostri processi e la nostra documentazione in modo da essere conformi al Regolamento generale sulla protezione dei dati (GDPR), la nuova legge europea in materia di protezione dei dati che entrer\u00e0 in vigore dal 25 maggio 2018.<\/p>\r\n<p>L\u2019informativa \u00e8 resa solo per il presente sito e non anche per altri siti web eventualmente consultati dall\u2019utente tramite <a href=\"https:\/\/www.google.it\/search?q=gdpr&amp;oq=gdpr&amp;aqs=chrome..69i57j69i65l2j69i60l3.1571j0j7&amp;sourceid=chrome&amp;ie=UTF-8\" target=\"_blank\" rel=\"noopener noreferrer\">link<\/a>. Visitando il sito web sopra indicato si accettano implicitamente le prassi descritte nella presente Informativa sulla Privacy.<\/p>\r\n<p><strong>DEFINIZIONI E TITOLARE DEL TRATTAMENTO<br \/><\/strong><\/p>\r\n<p><strong>Interessato<\/strong>: \u00e8 la persona, fisica o giuridica, di cui sono trattati i dati personali.<\/p>\r\n<p><strong>Titolare del trattamento: <span style=\"color: #000000;\">MGMT Edizioni<\/span><\/strong><strong><br \/><\/strong><\/p>\r\n<p><strong>Sede operativa:\u00a0<\/strong>Via Campodivivo, 43 &#8211;\u00a0Spigno Saturnia &#8211; 04020 &#8211; LT<\/p>\r\n<p>P.IVA:\u00a001152990592<br \/>Tel:\u00a0<span style=\"color: #000000;\">077164463<\/span><br \/>E-mail: <span style=\"color: #000000;\">info@mgmtedizioni.com<\/span><\/p>\r\n<p><strong>Dati personali<\/strong>: tutte le informazioni fornite dall\u2019interessato (cos\u00ec come elencati al successivo Art. 2) nonch\u00e9, qualora registrato sul sito <strong>https:\/\/mgmtedizioni.com\/shop\/<\/strong>, i dati di navigazione (indirizzi IP, dispositivi e programmi utilizzati).<\/p>\r\n<p><strong>Trattamento<\/strong>: qualsiasi operazione o insieme di operazioni, compiute con o senza l\u2019ausilio di processi automatizzati e applicate a dati personali o insiemi di dati personali, come la raccolta, la registrazione, l\u2019organizzazione, la strutturazione, la conservazione, l\u2019adattamento o la modifica, l\u2019estrazione, la consultazione, l\u2019uso, la comunicazione mediante trasmissione, diffusione o qualsiasi altra forma di messa a disposizione, il raffronto, o l\u2019interconnessione, la limitazione, la cancellazione o la distruzione.<\/p>\r\n<p><strong>TIPOLOGIA DI DATI PERSONALI, FINALIT\u00c0 E BASE GIURIDICA DEL TRATTAMENTO<br \/><\/strong><\/p>\r\n<p><span style=\"color: #ff6600;\"><span style=\"color: #000000;\"><strong>MGMT Edizioni<\/strong><\/span>\u00a0<\/span>\u00e8 una Societ\u00e0 che vende online beni di consumo e, pertanto, acquisisce, conserva e utilizza i Dati personali degli Interessati al fine di adempiere correttamente agli obblighi contrattuali derivanti dalla propria attivit\u00e0.<\/p>\r\n<p>In ogni caso <span style=\"color: #ff6600;\"><strong><span style=\"color: #000000;\">MGMT Edizioni<\/span>\u00a0<\/strong>\u00a0<\/span>acquisisce, conserva e utilizza esclusivamente i seguenti Dati personali:<\/p>\r\n<ul>\r\n<li>nome e cognome o denominazione<\/li>\r\n<li>indirizzo di residenza e\/o di spedizione della merce<\/li>\r\n<li>indirizzo e-mail<\/li>\r\n<li>numero telefonico<\/li>\r\n<li>Codice Fiscale e\/o Partita IVA<\/li>\r\n<\/ul>\r\n<p>In ogni caso, qualora il pagamento avvenga per mezzo di carta di credito\/debito, i relativi dati non sono comunicati alle MGMT Edizioni<span style=\"color: #ff6600;\">\u00a0<\/span>ma direttamente al gestore del servizio di pagamento.<\/p>\r\n<p>In nessun caso <span style=\"color: #000000;\">MGMT Edizioni<\/span>\u00a0richiede, conserva o tratta:<\/p>\r\n<ul>\r\n<li>dati sensibili e giudiziari<\/li>\r\n<li>numeri di carte di credito o credenziali di accesso ai sistemi di pagamento utilizzati dal cliente<\/li>\r\n<\/ul>\r\n<p>I suddetti Dati personali dell\u2019Interessato sono trattati dalla Societ\u00e0 per le seguenti finalit\u00e0 sulla base delle connesse basi giuridiche:<\/p>\r\n<ul>\r\n<li><strong>finalit\u00e0 contrattuali<\/strong>: esecuzione del contratto di cui l\u2019Interessato \u00e8 parte e fruizione dei servizi offerti dalla Societ\u00e0<\/li>\r\n<li><strong>obblighi di legge e responsabilit\u00e0 civile della Societ\u00e0<\/strong>: adempimento degli obblighi previsti dalla normativa nazionale e sovranazionale, specialmente di carattere contabile e fiscale, nonch\u00e9 prevenzione di ogni forma di responsabilit\u00e0 civile in capo alla Societ\u00e0 per l\u2019attivit\u00e0 svolta (ad es. a titolo esemplificativo ma non esaustivo, i Dati personali utilizzabili per contattare l\u2019Interessato sono necessari qualora la Societ\u00e0 decida di procedere ad una campagna di richiamo di un prodotto che si sospetta essere difettoso)<\/li>\r\n<li><strong>diritti del Titolare<\/strong>: accertare, esercitare o difendere i diritti della Societ\u00e0 in sede giudiziale o stragiudiziale qualora necessario<\/li>\r\n<li><strong>funzionamento del sito<\/strong>: i Dati personali dell\u2019Interessato ivi inseriti sono necessari al suo funzionamento e alla fruizione dei servizi offerti dalla Societ\u00e0 tramite il medesimo<\/li>\r\n<\/ul>\r\n<p><strong>MODALIT\u00c0 DI ACQUISIZIONE E CONSERVAZIONE DEI DATI<br \/><\/strong><\/p>\r\n<p>I Dati personali sono acquisiti:<\/p>\r\n<ul>\r\n<li>direttamente presso l\u2019Interessato, tramite compilazione di appositi form online o comunicazione telefonica.<\/li>\r\n<li>non presso l\u2019Interessato ma tramite eventuali soggetti terzi\u00a0(i cosiddetti \u201cMarketplace\u201d quali, ad esempio, Amazon, eBay, ManoMano, etc.) che, in qualit\u00e0 di intermediari nella vendita, li trasmettono a MGMT Edizioni.<\/li>\r\n<\/ul>\r\n<p>In caso di Dati personali non acquisiti presso l\u2019Interessato ma tramite terzi, il Titolare porter\u00e0 a conoscenza dell\u2019Interessato la presente informativa tramite e-mail oppure idoneo avviso nel modulo allegato alle merci spedite.<\/p>\r\n<p>Le suddette informazioni verranno fornite da parte del Titolare al pi\u00f9 tardi entro un mese dall\u2019ottenimento dei Dati personali o, in caso questi ultimi siano destinati alla comunicazione con l\u2019Interessato, al pi\u00f9 tardi al momento della prima comunicazione con il medesimo, oppure, nel caso sia prevista la comunicazione ad altro destinatario, non oltre la prima comunicazione dei Dati personali.<\/p>\r\n<p>Una lista completa ed aggiornata dei Responsabili del trattamento nominati pu\u00f2 essere ottenuta contattando la Societ\u00e0 tramite mail o raccomandata A\/R ai recapiti di cui all\u2019Art. 1.<\/p>\r\n<p><strong>OBBLIGO DI CONFERIMENTO<br \/><\/strong><\/p>\r\n<p>Il conferimento dei Dati personali da parte dell\u2019Interessato \u00e8 obbligatorio per l\u2019adempimento delle obbligazioni contrattuali e per il rispetto delle norme imperative dell\u2019ordinamento in ordine a obblighi fiscali, tributari e contabili.<\/p>\r\n<p>In caso di rifiuto del conferimento da parte dell\u2019Interessato, <span style=\"color: #000000;\"><strong>MGMT Edizioni<\/strong><\/span>\u00a0non potr\u00e0 accettare alcun ordine n\u00e9 dare esecuzione ad alcun contratto.<\/p>\r\n<p><strong>PERIODO DI CONSERVAZIONE DEI DATI<br \/><\/strong><\/p>\r\n<p>I Dati personali dell\u2019Interessato verranno conservati per tutta la durata del contratto e, dopo la cessazione, per 10 anni al fine dell\u2019adempimento dei relativi obblighi fiscali e tributari.<\/p>\r\n<p>In caso di contenzioso giudiziale o stragiudiziale, i Dati personali verranno conservati per tutta la durata dello stesso e fino all\u2019esaurimento dei termini di esperibilit\u00e0 delle azioni di impugnazione.<\/p>\r\n<p>Decorsi i suddetti termini, i Dati personali dell\u2019Interessato verranno cancellati, compatibilmente con le procedure tecniche a tal fine preposte.<\/p>\r\n<p><strong>TITOLARI AUTONOMI, RESPONSABILI DEL TRATTAMENTO E DESTINATARI DEI DATI PERSONALI<\/strong><\/p>\r\n<p>Oltre al Titolare del trattamento, i Dati personali dell\u2019Interessato possono essere trattati da soggetti esterni operanti in qualit\u00e0 di Titolari autonomi quali, a titolo esemplificativo, imprese che offrono servizi di trasporto e spedizione di merci oppure di assistenza pre e post vendita.<\/p>\r\n<p>Inoltre, come nel caso dei servizi IT di cui all\u2019Art. 3, i Dati personali potranno essere trattati per conto della Societ\u00e0, da soggetti esterni autorizzati e designati come Responsabili del Trattamento dei Dati personali, a cui sono impartite adeguate istruzioni operative. Una lista completa ed aggiornata dei Responsabili del Trattamento dei Dati personali nominati pu\u00f2 essere ottenuta contattando la Societ\u00e0 tramite mail o raccomandata A\/R ai recapiti di cui all\u2019Art. 1.<\/p>\r\n<p>Infine, Destinatari dei Dati personali dell\u2019Interessato potranno essere l\u2019Autorit\u00e0 Giudiziaria o Amministrativa cui debbano essere comunicati per l\u2019adempimento di specifici obblighi di legge.<\/p>\r\n<p><strong>UTILIZZO DEI DATI PER FINALIT\u00c0 DI MARKETING<br \/><\/strong><\/p>\r\n<p>Qualora l\u2019Interessato <strong>abbia prestato il proprio specifico consenso<\/strong>, i suoi Dati personali potranno essere utilizzati per attivit\u00e0 di marketing quali l\u2019invio di comunicazioni, newsletter, etc., sia dal Titolare sia da soggetti all\u2019uopo designati.<\/p>\r\n<p>In tal caso i Dati personali verranno conservati ed utilizzati a tal fine sino alla revoca del consenso da parte dell\u2019Interessato.<\/p>\r\n<p><strong>DIRITTI DELL\u2019INTERESSATO E RECLAMO ALL\u2019AUTORIT\u00c0 DI CONTROLLO<br \/><\/strong><\/p>\r\n<p>L\u2019interessato ha diritto:<\/p>\r\n<ul>\r\n<li>di accedere ai Dati personali che lo riguardano<\/li>\r\n<li>di ottenere la rettifica di tali dati o la limitazione del Trattamento che lo riguarda<\/li>\r\n<li>di opporsi al Trattamento; di ottenere la cancellazione dei Dati personali che lo riguardano<\/li>\r\n<li>di ricevere, qualora il Trattamento sia basato sul consenso o sul contratto e sia effettuato con strumenti automatizzati, in un formato strutturato, di uso comune e leggibile da dispositivo automatico, i propri Dati personali, nonch\u00e9, se tecnicamente possibile, di trasmetterli ad altro titolare senza impedimenti<\/li>\r\n<\/ul>\r\n<p><strong>Tramite il seguente Link \u00e8 possibile gestire in autonomia i propri dati personali. Accesso, Rettifica, Oblio<\/strong><\/p>\r\n<\/div>\r\n<\/div>\r\n<div class=\"vc_btn3-container vc_btn3-center\"><a class=\"vc_general vc_btn3 vc_btn3-size-lg vc_btn3-shape-square vc_btn3-style-modern vc_btn3-color-primary\" title=\"Dati personali\" href=\"https:\/\/mgmtedizioni.com\/shop\/gdpr\/\">GESTISCI I TUOI DATI PERSONALI<\/a><\/div>\r\n<div class=\"wpb_text_column wpb_content_element \">\r\n<div class=\"wpb_wrapper\">\r\n<p>Per esercitare i suddetti diritti, l\u2019Interessato pu\u00f2 contattare la Societ\u00e0 all\u2019indirizzo email<span style=\"color: #000000;\"><strong> info@mgmtedizioni.com<\/strong><\/span><\/p>\r\n<p>L\u2019Interessato ha inoltre diritto di proporre reclamo all\u2019Autorit\u00e0 di Controllo competente nello Stato membro in cui risiede abitualmente o lavora o dello Stato in cui si \u00e8 verificata la presunta violazione.<\/p>\r\n<p>Qualora l\u2019Interessato si sia registrato sul sito\u00a0<strong>mgmtmagazine.com\/shop<\/strong>, accedendo al\u00a0proprio account, lo stesso pu\u00f2 prendere visione dei suoi Dati personali e\/o rettificarli, modificare le limitazioni al Trattamento, nonch\u00e9 cancellare il proprio account.<\/p>\r\n<p>Al fine di prevenire frodi e\/o permettere all\u2019Autorit\u00e0 Giudiziaria o Amministrativa di perseguire le stesse, il Titolare conserva lo storico delle modifiche effettuate nonch\u00e9 la provenienza della connessione (indirizzo IP).<\/p>\r\n<p><strong>MODIFICHE ALLA PRIVACY POLICY<\/strong><\/p>\r\n<p>La presente Privacy Policy potrebbe essere modificata, anche in conseguenza di mutamenti legislativi o regolamentari, evoluzioni tecnologiche e prestazione di nuovi servizi o modificazione di quelli gi\u00e0 resi.<\/p>\r\n<p>Si invita pertanto l\u2019utente\/visitatore\/cliente a consultare periodicamente la Privacy Policy di\u00a0<strong>MGMT Edizioni.<\/strong><\/p>\r\n<p><strong>SICUREZZA DEI DATI PERSONALI<\/strong><\/p>\r\n<p>Il Titolare ha adottato specifiche misure di sicurezza per prevenire la perdita dei Dati personali dell\u2019Interessato, usi illeciti o non corretti ed accessi non autorizzati.<\/p>\r\n<p>Tuttavia \u00e8 necessario che l\u2019Interessato utilizzi dispositivi dotati di strumenti a tal fine idonei (come ad es., antivirus aggiornati e connessione internet che garantisca la trasmissione dei dati attraverso firewalls, filtri antispamming, etc.).<\/p>\r\n<\/div>\r\n<\/div>\r\n<p>[\/vc_column_text][\/vc_column][\/vc_row][vc_row][vc_column][vc_column_text]<!-- wp:paragraph --><\/p>\r\n<h2>Cookies Policy<\/h2>\r\n<p>I Cookie sono costituiti da porzioni di codice installate all\u2019interno del browser che assistono il Titolare nell\u2019erogazione del Servizio in base alle finalit\u00e0 descritte. Alcune delle finalit\u00e0 di installazione dei Cookie potrebbero, inoltre, necessitare del consenso dell\u2019Utente. Quando l\u2019installazione di Cookies avviene sulla base del consenso, tale consenso pu\u00f2 essere revocato liberamente in ogni momento seguendo le istruzioni contenute in questo documento.<\/p>\r\n<p><strong>MGMT Edizioni shop<\/strong> utilizza solamente cookies tecnici senza profilazione (senza aggregazione dati, senza profilazione utenti) necessari al funzionamento del sito.<\/p>\r\n<h4 id=\"technical_cookies\">Cookie tecnici e di statistica aggregata<\/h4>\r\n<h4 class=\"expand-click w_icon_24 icon_general\">Attivit\u00e0 strettamente necessarie al funzionamento<\/h4>\r\n<div class=\"expand-content\">\r\n<p>Questo Sito Web utilizza Cookie per salvare la sessione dell\u2019Utente e per svolgere altre attivit\u00e0 strettamente necessarie al funzionamento di questo Sito ecommerce, ad esempio in relazione alla wishlist o l\u2019inserimento dei prodotti nel carrello, o il cambio di visualizzazione dei prodotti nelle categorie.<\/p>\r\n<h4 class=\"expand-click w_icon_24 icon_general\">Attivit\u00e0 di salvataggio delle preferenze, ottimizzazione e statistica<\/h4>\r\n<div class=\"expand-content\">\r\n<p>Questo Sito Web utilizza Cookie per salvare le preferenze di navigazione ed ottimizzare l\u2019esperienza di navigazione dell\u2019Utente. Fra questi Cookie rientrano, ad esempio, quelli per impostare la lingua e la valuta o per la gestione di statistiche da parte del Titolare del sito.<\/p>\r\n<h4 id=\"other_types_cookies\">Altre tipologie di Cookie o strumenti terzi che potrebbero installarne<\/h4>\r\n<p>Alcuni dei servizi elencati di seguito raccolgono statistiche in forma aggregata ed anonima e potrebbero non richiedere il consenso dell\u2019Utente o potrebbero essere gestiti direttamente dal Titolare \u2013 a seconda di quanto descritto \u2013 senza l\u2019ausilio di terzi.<\/p>\r\n<p>Qualora fra gli strumenti indicati in seguito fossero presenti servizi gestiti da terzi, questi potrebbero \u2013 in aggiunta a quanto specificato ed anche all\u2019insaputa del Titolare \u2013 compiere attivit\u00e0 di tracciamento dell\u2019Utente. Per informazioni dettagliate in merito, si consiglia di consultare le privacy policy dei servizi elencati.<\/p>\r\n<h4>Servizi di aggiunta recensioni ai prodotti<\/h4>\r\n<p>I servizi di aggiunta recensioni ai prodotti consentono agli Utenti registrati di aggiungere pareri rilevanti ai fini dell\u2019acquisto prodotti all\u2019interno del sito. Gli utenti registrati possono lasciare recensioni al prodotto, e sar\u00e0 premura dell\u2019amministratore del sito accettarli o meno. Qualora venissero accettati, questi in particolari condizioni saranno visibili all\u2019esterno del sito (es. scheda prodotto).<\/p>\r\n<h4 class=\"expand-click w_icon_24 policyicon_purpose_5163226\">Interazione con social network e piattaforme esterne, ove presenti<\/h4>\r\n<div class=\"expand-content\">\r\n<p>Questo tipo di servizi permette di effettuare interazioni con i social network, o con altre piattaforme esterne, direttamente dalle pagine di questo Sito Web.\u00a0Le interazioni e le informazioni acquisite da questo Sito Web sono in ogni caso soggette alle impostazioni privacy dell\u2019Utente relative ad ogni social network.<\/p>\r\n<p>Nel caso in cui sia installato un servizio di interazione con i social network, \u00e8 possibile che, anche nel caso gli Utenti non utilizzino il servizio, lo stesso raccolga dati di traffico relativi alle pagine in cui \u00e8 installato.<\/p>\r\n<h4>Pulsante Mi Piace e widget sociali di Facebook (Facebook, Inc.)<\/h4>\r\n<div class=\"wrap\">\r\n<p>Il pulsante \u201cMi Piace\u201d e i widget sociali di Facebook sono servizi di interazione con il social network Facebook, forniti da Facebook, Inc.<\/p>\r\n<\/div>\r\n<p>Dati Personali raccolti: Cookie e Dati di utilizzo.<\/p>\r\n<p>Luogo del trattamento: Stati Uniti \u2013\u00a0<a href=\"https:\/\/www.facebook.com\/privacy\/explanation\" target=\"_blank\" rel=\"noopener noreferrer\">Privacy Policy<\/a>. Soggetto aderente al Privacy Shield.<\/p>\r\n<h4>Pulsante Tweet e widget sociali di Twitter (Twitter, Inc.)<\/h4>\r\n<div class=\"wrap\">\r\n<p>Il pulsante Tweet e i widget sociali di Twitter sono servizi di interazione con il social network Twitter, forniti da Twitter, Inc.<\/p>\r\n<\/div>\r\n<p>Dati Personali raccolti: Cookie e Dati di utilizzo.<\/p>\r\n<p>Luogo del trattamento: Stati Uniti \u2013\u00a0<a href=\"https:\/\/twitter.com\/privacy\" target=\"_blank\" rel=\"noopener noreferrer\">Privacy Policy<\/a>. Soggetto aderente al Privacy Shield.<\/p>\r\n<h4>Pulsante \u201cPin it\u201d e widget sociali di Pinterest (Pinterest)<\/h4>\r\n<div class=\"wrap\">\r\n<p>Il pulsante \u201cPin it\u201d e widget sociali di Pinterest sono servizi di interazione con la piattaforma Pinterest, forniti da Pinterest Inc.<\/p>\r\n<\/div>\r\n<p>Dati Personali raccolti: Cookie e Dati di utilizzo.<\/p>\r\n<p>Luogo del trattamento: Stati Uniti \u2013\u00a0<a href=\"https:\/\/about.pinterest.com\/en\/privacy-policy\" target=\"_blank\" rel=\"noopener noreferrer\">Privacy Policy<\/a>.<\/p>\r\n<h4>Pulsante +1 e widget sociali di Google+ (Google Inc.)<\/h4>\r\n<div class=\"wrap\">\r\n<p>Il pulsante +1 e i widget sociali di Google+ sono servizi di interazione con il social network Google+, forniti da Google Inc.<\/p>\r\n<\/div>\r\n<p>Dati Personali raccolti: Cookie e Dati di utilizzo.<\/p>\r\n<p>Luogo del trattamento: Stati Uniti \u2013\u00a0<a href=\"https:\/\/www.google.com\/intl\/it\/policies\/privacy\/\" target=\"_blank\" rel=\"noopener noreferrer\">Privacy Policy<\/a>. Soggetto aderente al Privacy Shield.<\/p>\r\n<h4>Pulsante e widget sociali di Linkedin (LinkedIn Corporation)<\/h4>\r\n<div class=\"wrap\">\r\n<p>Il pulsante e i widget sociali di LinkedIn sono servizi di interazione con il social network Linkedin, forniti da LinkedIn Corporation.<\/p>\r\n<\/div>\r\n<p>Dati Personali raccolti: Cookie e Dati di utilizzo.<\/p>\r\n<p>Luogo del trattamento: Stati Uniti \u2013\u00a0<a href=\"https:\/\/www.linkedin.com\/legal\/privacy-policy\" target=\"_blank\" rel=\"noopener noreferrer\">Privacy Policy<\/a>. Soggetto aderente al Privacy Shield.<\/p>\r\n<\/div>\r\n<h4>Cookies Statistici<\/h4>\r\n<\/div>\r\n<\/div>\r\n<p>I servizi contenuti nella presente sezione permettono al Titolare del Trattamento di monitorare e analizzare i dati di traffico e servono a tener traccia del comportamento dell\u2019Utente.<\/p>\r\n<h4>Google Analytics (Google Inc.)<\/h4>\r\n<div class=\"wrap\">\r\n<p>Google Analytics \u00e8 un servizio di analisi web fornito da Google Inc. (\u201cGoogle\u201d). I dati di navigazione registrati da questo sito sono anonimizzati; la mancata profilazione degli utenti non ci permette di risalire ai dati sensibili deli navigatori web e di conseguenz di conservarne un profilo. I dati sono stati anonimizzati lla fonte, all\u2019interno del Pannello di Google Analytics.<\/p>\r\n<\/div>\r\n<p>Luogo del trattamento: Stati Uniti \u2013\u00a0<a href=\"https:\/\/www.google.com\/intl\/it\/policies\/privacy\/\" target=\"_blank\" rel=\"noopener noreferrer\">Privacy Policy<\/a>\u00a0\u2013\u00a0<a href=\"https:\/\/tools.google.com\/dlpage\/gaoptout?hl=it\" target=\"_blank\" rel=\"noopener noreferrer\">Opt Out<\/a>. Soggetto aderente al Privacy Shield.<\/p>\r\n<h4 id=\"manage_cookies\">Come posso esprimere il consenso all\u2019installazione di Cookie?<\/h4>\r\n<p>In aggiunta a quanto indicato in questo documento, l\u2019Utente pu\u00f2 gestire le preferenze relative ai Cookie direttamente all\u2019interno del proprio browser ed impedire \u2013 ad esempio \u2013 che terze parti possano installarne. Tramite le preferenze del browser \u00e8 inoltre possibile eliminare i Cookie installati in passato, incluso il Cookie in cui venga eventualmente salvato il consenso all\u2019installazione di Cookie da parte di questo sito. L\u2019Utente pu\u00f2 trovare informazioni su come gestire i Cookie con alcuni dei browser pi\u00f9 diffusi ad esempio ai seguenti indirizzi:\u00a0<a href=\"https:\/\/support.google.com\/chrome\/answer\/95647?hl=it&amp;p=cpn_cookies\" target=\"_blank\" rel=\"noopener noreferrer\">Google Chrome<\/a>,\u00a0<a href=\"https:\/\/support.mozilla.org\/it\/kb\/Attivare%20e%20disattivare%20i%20cookie\" target=\"_blank\" rel=\"noopener noreferrer\">Mozilla Firefox<\/a>,\u00a0<a href=\"https:\/\/support.apple.com\/kb\/PH21411\" target=\"_blank\" rel=\"noopener noreferrer\">Apple Safari<\/a>\u00a0e\u00a0<a href=\"http:\/\/windows.microsoft.com\/it-it\/windows-vista\/block-or-allow-cookies\" target=\"_blank\" rel=\"noopener noreferrer\">Microsoft Internet Explorer<\/a>.<\/p>\r\n<p>Con riferimento a Cookie installati da terze parti, l\u2019Utente pu\u00f2 inoltre gestire le proprie impostazioni e revocare il consenso visitando il relativo link di opt out (qualora disponibile), utilizzando gli strumenti descritti nella privacy policy della terza parte o contattando direttamente la stessa.<\/p>\r\n<p>Fermo restando quanto precede, l\u2019Utente pu\u00f2 avvalersi delle informazioni fornite da\u00a0<a href=\"http:\/\/www.youronlinechoices.eu\/\" target=\"_blank\" rel=\"noopener noreferrer\">EDAA<\/a>\u00a0(UE),\u00a0<a href=\"https:\/\/www.networkadvertising.org\/understanding-digital-advertising\" target=\"_blank\" rel=\"noopener noreferrer\">Network Advertising Initiative<\/a>\u00a0(USA) e\u00a0<a href=\"https:\/\/www.aboutads.info\/consumers\/\" target=\"_blank\" rel=\"noopener noreferrer\">Digital Advertising Alliance<\/a>\u00a0(USA),\u00a0<a href=\"https:\/\/youradchoices.ca\/understanding-online-advertising\/\" target=\"_blank\" rel=\"noopener noreferrer\">DAAC<\/a>\u00a0(Canada),\u00a0<a href=\"http:\/\/www.ddai.info\/optout\" target=\"_blank\" rel=\"noopener noreferrer\">DDAI<\/a>(Giappone) o altri servizi analoghi. Con questi servizi \u00e8 possibile gestire le preferenze di tracciamento della maggior parte degli strumenti pubblicitari. Il Titolare, pertanto, consiglia agli Utenti di utilizzare tali risorse in aggiunta alle informazioni fornite dal presente documento.<\/p>\r\n<p>In alternativa, \u00e8 possibile utilizzare la funzione script in frontend per annullare\/consentire i cookies in qualsiasi momento.<\/p>\r\n<p>[\/vc_column_text][\/vc_column][\/vc_row]<\/p>","protected":false},"excerpt":{"rendered":"<p>[vc_row][vc_column][vc_column_text] Gestione della PRIVACY Ai sensi dell&#8217;articolo 13D.Lgs. 30 giugno 2003, n.196, (recante il &#8220;Codice in materia di trattamento dei dati personali&#8221;) si informa che il trattamento dei dati personali, anche sensibili, \u00e8 svolto ai fini dell&#8217;invio di materiale informativo concernente i prodotti e i servizi forniti compresi gli adempimenti contabili e fiscali, nonch\u00e9 al [&hellip;]<\/p>\n","protected":false},"author":3,"featured_media":0,"parent":0,"menu_order":0,"comment_status":"closed","ping_status":"closed","template":"","meta":[],"_links":{"self":[{"href":"https:\/\/mgmtedizioni.com\/shop\/wp-json\/wp\/v2\/pages\/959"}],"collection":[{"href":"https:\/\/mgmtedizioni.com\/shop\/wp-json\/wp\/v2\/pages"}],"about":[{"href":"https:\/\/mgmtedizioni.com\/shop\/wp-json\/wp\/v2\/types\/page"}],"author":[{"embeddable":true,"href":"https:\/\/mgmtedizioni.com\/shop\/wp-json\/wp\/v2\/users\/3"}],"replies":[{"embeddable":true,"href":"https:\/\/mgmtedizioni.com\/shop\/wp-json\/wp\/v2\/comments?post=959"}],"version-history":[{"count":13,"href":"https:\/\/mgmtedizioni.com\/shop\/wp-json\/wp\/v2\/pages\/959\/revisions"}],"predecessor-version":[{"id":1116,"href":"https:\/\/mgmtedizioni.com\/shop\/wp-json\/wp\/v2\/pages\/959\/revisions\/1116"}],"wp:attachment":[{"href":"https:\/\/mgmtedizioni.com\/shop\/wp-json\/wp\/v2\/media?parent=959"}],"curies":[{"name":"wp","href":"https:\/\/api.w.org\/{rel}","templated":true}]}}