{"id":957,"date":"2019-05-24T13:23:32","date_gmt":"2019-05-24T13:23:32","guid":{"rendered":"https:\/\/mgmtedizioni.com\/shop\/?page_id=957"},"modified":"2019-05-24T13:23:34","modified_gmt":"2019-05-24T13:23:34","slug":"modalita-di-pagamento","status":"publish","type":"page","link":"https:\/\/mgmtedizioni.com\/shop\/modalita-di-pagamento\/","title":{"rendered":"Modalit\u00e0 di pagamento"},"content":{"rendered":"\n<p><strong>La carta di credito non \u00e8 obbligatoria.<\/strong><\/p>\n\n\n\n<p>Puoi anche pagare, ovunque in Italia, in contanti all&#8217;atto della consegna del tuo ordine. Per utilizzare questa modalit\u00e0 di pagamento, chiedi che i libri ti vengano spediti con pacco postale in contrassegno.<\/p>\n\n\n\n<p>Per i possessori di carta di credito, ricordiamo che i dati della carta vengono raccolti in tutta sicurezza, avvalendoci di un server che utilizza le tecnologie di protezione pi\u00f9 avanzate (SecureSocketLayers (SSL) a 128 bit)<\/p>\n\n\n\n<p><strong>Nota<\/strong>: nessun addebito viene effettuato fino all&#8217;effettiva spedizione della merce! Nei rari casi in cui dobbiamo annullare uno o pi\u00f9 prodotti inseriti in un tuo ordine per imprevista indisponibilit\u00e0, ti vedrai addebitati sulla carta di credito gli importi dei soli prodotti spediti. Se avrai invece scelto il &#8220;contrassegno&#8221;, ti verr\u00e0 richiesto di pagare alla consegna il solo importo dei prodotto consegnati.<\/p>\n\n\n\n<p>Nel caso commettessi involontariamente un errore nella digitazione dei dati relativi alla tua carta di credito, il gestore della carta ci segnaler\u00e0 l&#8217;impossibilit\u00e0 di procedere; in questo caso ti invieremo una e-mail per segnalarti l&#8217;errore e il modo per correggerlo, cos\u00ec potrai ricevere i prodotti che desideri senza ritardo.<\/p>\n","protected":false},"excerpt":{"rendered":"<p>La carta di credito non \u00e8 obbligatoria. Puoi anche pagare, ovunque in Italia, in contanti all&#8217;atto della consegna del tuo ordine. Per utilizzare questa modalit\u00e0 di pagamento, chiedi che i libri ti vengano spediti con pacco postale in contrassegno. Per i possessori di carta di credito, ricordiamo che i dati della carta vengono raccolti in [&hellip;]<\/p>\n","protected":false},"author":3,"featured_media":0,"parent":0,"menu_order":0,"comment_status":"closed","ping_status":"closed","template":"","meta":[],"_links":{"self":[{"href":"https:\/\/mgmtedizioni.com\/shop\/wp-json\/wp\/v2\/pages\/957"}],"collection":[{"href":"https:\/\/mgmtedizioni.com\/shop\/wp-json\/wp\/v2\/pages"}],"about":[{"href":"https:\/\/mgmtedizioni.com\/shop\/wp-json\/wp\/v2\/types\/page"}],"author":[{"embeddable":true,"href":"https:\/\/mgmtedizioni.com\/shop\/wp-json\/wp\/v2\/users\/3"}],"replies":[{"embeddable":true,"href":"https:\/\/mgmtedizioni.com\/shop\/wp-json\/wp\/v2\/comments?post=957"}],"version-history":[{"count":1,"href":"https:\/\/mgmtedizioni.com\/shop\/wp-json\/wp\/v2\/pages\/957\/revisions"}],"predecessor-version":[{"id":958,"href":"https:\/\/mgmtedizioni.com\/shop\/wp-json\/wp\/v2\/pages\/957\/revisions\/958"}],"wp:attachment":[{"href":"https:\/\/mgmtedizioni.com\/shop\/wp-json\/wp\/v2\/media?parent=957"}],"curies":[{"name":"wp","href":"https:\/\/api.w.org\/{rel}","templated":true}]}}